{"id":999,"date":"2024-01-17T16:19:08","date_gmt":"2024-01-17T16:19:08","guid":{"rendered":"https:\/\/chuongvang.net\/?page_id=999"},"modified":"2024-01-28T09:27:20","modified_gmt":"2024-01-28T02:27:20","slug":"bai-viet","status":"publish","type":"page","link":"https:\/\/chuongvang.net\/index.php\/bai-viet\/","title":{"rendered":"B\u00e0i vi\u1ebft"},"content":{"rendered":"\t\t<div data-elementor-type=\"wp-page\" data-elementor-id=\"999\" class=\"elementor elementor-999\">\n\t\t\t\t\t\t\t<div class=\"elementor-element elementor-element-d21a956 e-flex e-con-boxed e-con e-parent\" data-id=\"d21a956\" data-element_type=\"container\" data-settings=\"{&quot;content_width&quot;:&quot;boxed&quot;}\" data-core-v316-plus=\"true\">\n\t\t\t\t\t<div class=\"e-con-inner\">\n\t\t\t\t<div class=\"elementor-element elementor-element-b3167af elementor-widget elementor-widget-heading\" data-id=\"b3167af\" data-element_type=\"widget\" data-widget_type=\"heading.default\">\n\t\t\t\t<div class=\"elementor-widget-container\">\n\t\t\t<style>\/*! elementor - v3.18.0 - 20-12-2023 *\/\n.elementor-heading-title{padding:0;margin:0;line-height:1}.elementor-widget-heading .elementor-heading-title[class*=elementor-size-]>a{color:inherit;font-size:inherit;line-height:inherit}.elementor-widget-heading .elementor-heading-title.elementor-size-small{font-size:15px}.elementor-widget-heading .elementor-heading-title.elementor-size-medium{font-size:19px}.elementor-widget-heading .elementor-heading-title.elementor-size-large{font-size:29px}.elementor-widget-heading .elementor-heading-title.elementor-size-xl{font-size:39px}.elementor-widget-heading .elementor-heading-title.elementor-size-xxl{font-size:59px}<\/style><h2 class=\"elementor-heading-title elementor-size-default\">======= B\u00e0i vi\u1ebft =======<\/h2>\t\t<\/div>\n\t\t\t\t<\/div>\n\t\t\t\t<div class=\"elementor-element elementor-element-a79be7a elementor-grid-3 elementor-grid-tablet-2 elementor-grid-mobile-1 elementor-posts--thumbnail-top elementor-widget elementor-widget-posts\" data-id=\"a79be7a\" data-element_type=\"widget\" data-settings=\"{&quot;pagination_type&quot;:&quot;numbers&quot;,&quot;classic_columns&quot;:&quot;3&quot;,&quot;classic_columns_tablet&quot;:&quot;2&quot;,&quot;classic_columns_mobile&quot;:&quot;1&quot;,&quot;classic_row_gap&quot;:{&quot;unit&quot;:&quot;px&quot;,&quot;size&quot;:35,&quot;sizes&quot;:[]},&quot;classic_row_gap_tablet&quot;:{&quot;unit&quot;:&quot;px&quot;,&quot;size&quot;:&quot;&quot;,&quot;sizes&quot;:[]},&quot;classic_row_gap_mobile&quot;:{&quot;unit&quot;:&quot;px&quot;,&quot;size&quot;:&quot;&quot;,&quot;sizes&quot;:[]}}\" data-widget_type=\"posts.classic\">\n\t\t\t\t<div class=\"elementor-widget-container\">\n\t\t\t<link rel=\"stylesheet\" href=\"https:\/\/chuongvang.net\/wp-content\/plugins\/elementor-pro\/assets\/css\/widget-posts.min.css\">\t\t<div class=\"elementor-posts-container elementor-posts elementor-posts--skin-classic elementor-grid\">\n\t\t\t\t<article class=\"elementor-post elementor-grid-item post-1900 post type-post status-publish format-standard hentry category-blog\">\n\t\t\t\t<div class=\"elementor-post__text\">\n\t\t\t\t<h3 class=\"elementor-post__title\">\n\t\t\t<a href=\"https:\/\/chuongvang.net\/index.php\/2026\/03\/28\/chon-vong\/\" target=&quot;_blank&quot;>\n\t\t\t\tCH\u01a0N &#8211; V\u1eccNG\t\t\t<\/a>\n\t\t<\/h3>\n\t\t\t\t<div class=\"elementor-post__excerpt\">\n\t\t\t<p>CH\u01a0N \u2013 V\u1eccNG M\u00ecnh v\u1ed1n l\u00e0 Ph\u1eadt, do m\u00ea l\u1ea7m qu\u00ean m\u1ea5t ch\u00ednh m\u00ecnh n\u00ean Ch\u01a1n v\u1ed1n \u1edf trong ng\u01b0\u1eddi m\u00ecnh th\u00ec c\u1ea7n g\u00ec ph\u1ea3i \u0111i t\u00ecm \u1edf \u0111\u00e2u n\u1eefa. C\u00f2n V\u1ecdng l\u00e0 hoa \u0111\u1ed1m gi\u1eefa h\u01b0 kh\u00f4ng, l\u00e0 m\u1ed9ng ch\u1ee9 kh\u00f4ng ph\u1ea3i th\u1ef1c nh\u01b0ng ch\u00ednh m\u00ecnh cho hoa \u0111\u1ed1m<\/p>\n\t\t<\/div>\n\t\t\t\t\t<div class=\"elementor-post__read-more-wrapper\">\n\t\t\n\t\t<a class=\"elementor-post__read-more\" href=\"https:\/\/chuongvang.net\/index.php\/2026\/03\/28\/chon-vong\/\" target=\"_blank\">\n\t\t\t\u0110\u1ecdc ti\u1ebfp \u00bb\t\t<\/a>\n\n\t\t\t\t\t<\/div>\n\t\t\t\t<\/div>\n\t\t\t\t<\/article>\n\t\t\t\t<article class=\"elementor-post elementor-grid-item post-1881 post type-post status-publish format-standard has-post-thumbnail hentry category-blog\">\n\t\t\t\t<a class=\"elementor-post__thumbnail__link\" href=\"https:\/\/chuongvang.net\/index.php\/2026\/03\/26\/dao-phat-chan-chinh\/\" target=&quot;_blank&quot;>\n\t\t\t<div class=\"elementor-post__thumbnail\"><img fetchpriority=\"high\" decoding=\"async\" width=\"300\" height=\"200\" src=\"https:\/\/chuongvang.net\/wp-content\/uploads\/2024\/01\/sen-11.jpg\" class=\"attachment-medium size-medium wp-image-1317\" alt=\"\" \/><\/div>\n\t\t<\/a>\n\t\t\t\t<div class=\"elementor-post__text\">\n\t\t\t\t<h3 class=\"elementor-post__title\">\n\t\t\t<a href=\"https:\/\/chuongvang.net\/index.php\/2026\/03\/26\/dao-phat-chan-chinh\/\" target=&quot;_blank&quot;>\n\t\t\t\t\u0110\u1ea0O PH\u1eacT CH\u00c2N CH\u00cdNH\t\t\t<\/a>\n\t\t<\/h3>\n\t\t\t\t<div class=\"elementor-post__excerpt\">\n\t\t\t<p>\u0110\u1ea0O PH\u1eacT CH\u00c2N CH\u00cdNH \u00a0 Trong kinh Ph\u00e1p Hoa, Ph\u1eadt Th\u00edch Ca \u0111\u00e3 n\u00f3i ch\u00fang sanh \u0111ang \u1edf trong ng\u00f4i nh\u00e0 l\u1eeda m\u00e0 kh\u00f4ng bi\u1ebft r\u1eb1ng m\u00ecnh \u0111ang \u1edf trong ng\u00f4i nh\u00e0 l\u1eeda m\u00e0 c\u1ee9 ham th\u00edch vui ch\u01a1i kh\u00f4ng ch\u1ecbu tho\u00e1t ra kh\u1ecfi \u0111\u00f3. T\u1eebng ng\u00e0y t\u1eebng gi\u1edd ng\u1ecdn<\/p>\n\t\t<\/div>\n\t\t\t\t\t<div class=\"elementor-post__read-more-wrapper\">\n\t\t\n\t\t<a class=\"elementor-post__read-more\" href=\"https:\/\/chuongvang.net\/index.php\/2026\/03\/26\/dao-phat-chan-chinh\/\" target=\"_blank\">\n\t\t\t\u0110\u1ecdc ti\u1ebfp \u00bb\t\t<\/a>\n\n\t\t\t\t\t<\/div>\n\t\t\t\t<\/div>\n\t\t\t\t<\/article>\n\t\t\t\t<article class=\"elementor-post elementor-grid-item post-1833 post type-post status-publish format-standard hentry category-blog\">\n\t\t\t\t<div class=\"elementor-post__text\">\n\t\t\t\t<h3 class=\"elementor-post__title\">\n\t\t\t<a href=\"https:\/\/chuongvang.net\/index.php\/2025\/07\/04\/an-chay\/\" target=&quot;_blank&quot;>\n\t\t\t\t\u0102N CHAY\t\t\t<\/a>\n\t\t<\/h3>\n\t\t\t\t<div class=\"elementor-post__excerpt\">\n\t\t\t<p>\u0102N CHAY Ngu\u1ed3n g\u1ed1c c\u1ee7a vi\u1ec7c \u0103n chay: \u00a0 \u00a0 \u00a0 \u0110i ng\u01b0\u1ee3c l\u1ea1i l\u1ecbch s\u1eed c\u1ee7a qu\u00e1 tr\u00ecnh h\u00ecnh th\u00e0nh Tr\u00e1i \u0111\u1ea5t v\u00e0 qu\u00e1 tr\u00ecnh ti\u1ebfn h\u00f3a c\u1ee7a con ng\u01b0\u1eddi th\u00ec ngu\u1ed3n g\u1ed1c ban \u0111\u1ea7u c\u1ee7a con ng\u01b0\u1eddi l\u00e0 \u0103n chay. Ch\u00ednh v\u00ec \u0103n chay \u0103n rau qu\u1ea3 n\u00ean<\/p>\n\t\t<\/div>\n\t\t\t\t\t<div class=\"elementor-post__read-more-wrapper\">\n\t\t\n\t\t<a class=\"elementor-post__read-more\" href=\"https:\/\/chuongvang.net\/index.php\/2025\/07\/04\/an-chay\/\" target=\"_blank\">\n\t\t\t\u0110\u1ecdc ti\u1ebfp \u00bb\t\t<\/a>\n\n\t\t\t\t\t<\/div>\n\t\t\t\t<\/div>\n\t\t\t\t<\/article>\n\t\t\t\t<article class=\"elementor-post elementor-grid-item post-1819 post type-post status-publish format-standard hentry category-blog\">\n\t\t\t\t<div class=\"elementor-post__text\">\n\t\t\t\t<h3 class=\"elementor-post__title\">\n\t\t\t<a href=\"https:\/\/chuongvang.net\/index.php\/2025\/07\/04\/linh-hon\/\" target=&quot;_blank&quot;>\n\t\t\t\tLINH H\u1ed2N\t\t\t<\/a>\n\t\t<\/h3>\n\t\t\t\t<div class=\"elementor-post__excerpt\">\n\t\t\t<p>LINH H\u1ed2N Ch\u1ebft c\u00f3 ph\u1ea3i l\u00e0 h\u1ebft? \u00a0 \u00a0 C\u00f3 ph\u1ea3i con ng\u01b0\u1eddi ch\u1ebft l\u00e0 h\u1ebft v\u00e0 kh\u00f4ng c\u00f3 m\u1ed9t \u0111\u1eddi s\u1ed1ng sau khi ch\u1ebft? Ph\u1ea3i v\u1ec1 m\u1eb7t th\u00e2n x\u00e1c v\u1eadt ch\u1ea5t n\u00e0y. Kh\u00f4ng ph\u1ea3i v\u1ec1 m\u1eb7t n\u0103ng l\u01b0\u1ee3ng. \u1ede c\u00f5i v\u1eadt ch\u1ea5t n\u00e0y, c\u00f3 h\u00ecnh h\u00e0i s\u1ebd c\u00f3 s\u1ef1<\/p>\n\t\t<\/div>\n\t\t\t\t\t<div class=\"elementor-post__read-more-wrapper\">\n\t\t\n\t\t<a class=\"elementor-post__read-more\" href=\"https:\/\/chuongvang.net\/index.php\/2025\/07\/04\/linh-hon\/\" target=\"_blank\">\n\t\t\t\u0110\u1ecdc ti\u1ebfp \u00bb\t\t<\/a>\n\n\t\t\t\t\t<\/div>\n\t\t\t\t<\/div>\n\t\t\t\t<\/article>\n\t\t\t\t<article class=\"elementor-post elementor-grid-item post-1803 post type-post status-publish format-standard hentry category-blog\">\n\t\t\t\t<div class=\"elementor-post__text\">\n\t\t\t\t<h3 class=\"elementor-post__title\">\n\t\t\t<a href=\"https:\/\/chuongvang.net\/index.php\/2025\/07\/04\/nhan-qua\/\" target=&quot;_blank&quot;>\n\t\t\t\tNH\u00c2N QU\u1ea2\t\t\t<\/a>\n\t\t<\/h3>\n\t\t\t\t<div class=\"elementor-post__excerpt\">\n\t\t\t<p>NH\u00c2N QU\u1ea2 &#8211; LU\u00c2N H\u1ed2I \u00a0 \u00a0 \u00a0Lu\u00e2n h\u1ed3i l\u00e0 s\u1ef1 \u0111\u1ea7u thai chuy\u1ec3n ki\u1ebfp theo nghi\u1ec7p qu\u1ea3 c\u1ee7a m\u1ed7i ng\u01b0\u1eddi, \u0111\u00f3 l\u00e0 s\u1ef1 l\u1eb7p \u0111i l\u1eb7p l\u1ea1i c\u1ee7a m\u1ed9t n\u0103ng l\u01b0\u1ee3ng v\u00f4 minh. \u00a0 \u00a0 \u00a0 Nh\u00e2n qu\u1ea3 l\u00e0 nh\u1eefng \u0111i\u1ec1u thi\u1ec7n \u2013 \u00e1c m\u00e0 con ng\u01b0\u1eddi gieo t\u1ea1o<\/p>\n\t\t<\/div>\n\t\t\t\t\t<div class=\"elementor-post__read-more-wrapper\">\n\t\t\n\t\t<a class=\"elementor-post__read-more\" href=\"https:\/\/chuongvang.net\/index.php\/2025\/07\/04\/nhan-qua\/\" target=\"_blank\">\n\t\t\t\u0110\u1ecdc ti\u1ebfp \u00bb\t\t<\/a>\n\n\t\t\t\t\t<\/div>\n\t\t\t\t<\/div>\n\t\t\t\t<\/article>\n\t\t\t\t<article class=\"elementor-post elementor-grid-item post-1781 post type-post status-publish format-standard has-post-thumbnail hentry category-blog\">\n\t\t\t\t<a class=\"elementor-post__thumbnail__link\" href=\"https:\/\/chuongvang.net\/index.php\/2025\/06\/13\/ngoai-cua-dao\/\" target=&quot;_blank&quot;>\n\t\t\t<div class=\"elementor-post__thumbnail\"><img decoding=\"async\" width=\"300\" height=\"231\" src=\"https:\/\/chuongvang.net\/wp-content\/uploads\/2024\/01\/TC-4.jpg\" class=\"attachment-medium size-medium wp-image-1270\" alt=\"\" \/><\/div>\n\t\t<\/a>\n\t\t\t\t<div class=\"elementor-post__text\">\n\t\t\t\t<h3 class=\"elementor-post__title\">\n\t\t\t<a href=\"https:\/\/chuongvang.net\/index.php\/2025\/06\/13\/ngoai-cua-dao\/\" target=&quot;_blank&quot;>\n\t\t\t\tNGO\u00c0I C\u1eecA \u0110\u1ea0O\t\t\t<\/a>\n\t\t<\/h3>\n\t\t\t\t<div class=\"elementor-post__excerpt\">\n\t\t\t<p>Thi\u1ec7n tri th\u1ee9c h\u1ecfi m\u1ed9t v\u1ecb T\u0103ng: Con b\u00ecnh an kh\u00f4ng? V\u1ecb T\u0103ng th\u01b0a: D\u1ea1 con b\u00ecnh an. Thi\u1ec7n tri th\u1ee9c l\u1ea1i h\u1ecfi: \u0110\u00e3 lo \u0111\u01b0\u1ee3c sanh t\u1eed ch\u01b0a m\u00e0 b\u00ecnh an? V\u1ecb T\u0103ng th\u01b0a: D\u1ea1 con \u0111ang lo. Thi\u1ec7n tri th\u1ee9c: Lo sao kh\u00f4ng t\u00ecm \u0111\u01b0\u1eddng tho\u00e1t? V\u1ecb T\u0103ng:<\/p>\n\t\t<\/div>\n\t\t\t\t\t<div class=\"elementor-post__read-more-wrapper\">\n\t\t\n\t\t<a class=\"elementor-post__read-more\" href=\"https:\/\/chuongvang.net\/index.php\/2025\/06\/13\/ngoai-cua-dao\/\" target=\"_blank\">\n\t\t\t\u0110\u1ecdc ti\u1ebfp \u00bb\t\t<\/a>\n\n\t\t\t\t\t<\/div>\n\t\t\t\t<\/div>\n\t\t\t\t<\/article>\n\t\t\t\t<article class=\"elementor-post elementor-grid-item post-1772 post type-post status-publish format-standard has-post-thumbnail hentry category-blog\">\n\t\t\t\t<a class=\"elementor-post__thumbnail__link\" href=\"https:\/\/chuongvang.net\/index.php\/2025\/06\/13\/tu-su-doi-dao\/\" target=&quot;_blank&quot;>\n\t\t\t<div class=\"elementor-post__thumbnail\"><img decoding=\"async\" width=\"300\" height=\"205\" src=\"https:\/\/chuongvang.net\/wp-content\/uploads\/2024\/01\/TC-1.jpg\" class=\"attachment-medium size-medium wp-image-1267\" alt=\"\" \/><\/div>\n\t\t<\/a>\n\t\t\t\t<div class=\"elementor-post__text\">\n\t\t\t\t<h3 class=\"elementor-post__title\">\n\t\t\t<a href=\"https:\/\/chuongvang.net\/index.php\/2025\/06\/13\/tu-su-doi-dao\/\" target=&quot;_blank&quot;>\n\t\t\t\tT\u1ef0 S\u1ef0 \u0110\u1edcI &#038; \u0110\u1ea0O\t\t\t<\/a>\n\t\t<\/h3>\n\t\t\t\t<div class=\"elementor-post__excerpt\">\n\t\t\t<p>T\u1ef0 S\u1ef0 \u0110\u1edcI &amp; \u0110\u1ea0O CON \u0110\u01af\u1edcNG GI\u1ea2I THO\u00c1T *** T\u00f4i c\u0169ng ch\u1ec9 l\u00e0 m\u1ed9t ch\u00fang sanh v\u00f4 minh lang thang v\u00f4 \u0111\u1ecbnh trong c\u00f5i nh\u00e2n sinh n\u00e0y v\u1edbi nh\u1eefng phi\u1ec1n n\u00e3o, \u0111au kh\u1ed5 c\u1ee7a ki\u1ebfp ng\u01b0\u1eddi m\u00e0 kh\u00f4ng hi\u1ec3u \u0111\u01b0\u1ee3c ch\u00ednh m\u00ecnh, kh\u00f4ng hi\u1ec3u \u0111\u01b0\u1ee3c s\u1ef1 s\u1ed1ng s\u1ef1 ch\u1ebft,<\/p>\n\t\t<\/div>\n\t\t\t\t\t<div class=\"elementor-post__read-more-wrapper\">\n\t\t\n\t\t<a class=\"elementor-post__read-more\" href=\"https:\/\/chuongvang.net\/index.php\/2025\/06\/13\/tu-su-doi-dao\/\" target=\"_blank\">\n\t\t\t\u0110\u1ecdc ti\u1ebfp \u00bb\t\t<\/a>\n\n\t\t\t\t\t<\/div>\n\t\t\t\t<\/div>\n\t\t\t\t<\/article>\n\t\t\t\t<article class=\"elementor-post elementor-grid-item post-1727 post type-post status-publish format-standard has-post-thumbnail hentry category-blog\">\n\t\t\t\t<a class=\"elementor-post__thumbnail__link\" href=\"https:\/\/chuongvang.net\/index.php\/2024\/05\/10\/tam-to-bo-de-dat-ma\/\" target=&quot;_blank&quot;>\n\t\t\t<div class=\"elementor-post__thumbnail\"><img loading=\"lazy\" decoding=\"async\" width=\"300\" height=\"200\" src=\"https:\/\/chuongvang.net\/wp-content\/uploads\/2024\/01\/sen-18.jpg\" class=\"attachment-medium size-medium wp-image-1324\" alt=\"\" \/><\/div>\n\t\t<\/a>\n\t\t\t\t<div class=\"elementor-post__text\">\n\t\t\t\t<h3 class=\"elementor-post__title\">\n\t\t\t<a href=\"https:\/\/chuongvang.net\/index.php\/2024\/05\/10\/tam-to-bo-de-dat-ma\/\" target=&quot;_blank&quot;>\n\t\t\t\tT\u00c2M &#8211; T\u1ed4 B\u1ed2 \u0110\u1ec0 \u0110\u1ea0T MA\t\t\t<\/a>\n\t\t<\/h3>\n\t\t\t\t<div class=\"elementor-post__excerpt\">\n\t\t\t<p>B\u00c0I THUY\u1ebeT PH\u00c1P C\u1ee6A T\u1ed4 B\u1ed2 \u0110\u1ec0 \u0110\u1ea0T MA CHO VUA L\u01af\u01a0NG V\u00d5 \u0110\u1ebe B\u1ea2N CH\u1ea4T C\u1ee6A T\u00c2M C\u1ea3 th\u1ebf gi\u1edbi \u0111\u01b0\u1ee3c ngh\u0129 trong t\u00e2m. T\u1ea5t c\u1ea3 Ch\u01b0 Ph\u1eadt qu\u00e1 kh\u1ee9 v\u00e0 v\u1ecb lai \u0111\u00e3 v\u00e0 s\u1ebd \u0111\u01b0\u1ee3c t\u1ea1o th\u00e0nh trong t\u00e2m. S\u1ef1 hi\u1ec3u bi\u1ebft \u0111\u01b0\u1ee3c truy\u1ec1n t\u1eeb t\u00e2m sang<\/p>\n\t\t<\/div>\n\t\t\t\t\t<div class=\"elementor-post__read-more-wrapper\">\n\t\t\n\t\t<a class=\"elementor-post__read-more\" href=\"https:\/\/chuongvang.net\/index.php\/2024\/05\/10\/tam-to-bo-de-dat-ma\/\" target=\"_blank\">\n\t\t\t\u0110\u1ecdc ti\u1ebfp \u00bb\t\t<\/a>\n\n\t\t\t\t\t<\/div>\n\t\t\t\t<\/div>\n\t\t\t\t<\/article>\n\t\t\t\t<article class=\"elementor-post elementor-grid-item post-1697 post type-post status-publish format-standard has-post-thumbnail hentry category-blog\">\n\t\t\t\t<a class=\"elementor-post__thumbnail__link\" href=\"https:\/\/chuongvang.net\/index.php\/2024\/05\/10\/chung-dao-ca\/\" target=&quot;_blank&quot;>\n\t\t\t<div class=\"elementor-post__thumbnail\"><img loading=\"lazy\" decoding=\"async\" width=\"300\" height=\"169\" src=\"https:\/\/chuongvang.net\/wp-content\/uploads\/2024\/01\/sen-7.jpg\" class=\"attachment-medium size-medium wp-image-1313\" alt=\"\" \/><\/div>\n\t\t<\/a>\n\t\t\t\t<div class=\"elementor-post__text\">\n\t\t\t\t<h3 class=\"elementor-post__title\">\n\t\t\t<a href=\"https:\/\/chuongvang.net\/index.php\/2024\/05\/10\/chung-dao-ca\/\" target=&quot;_blank&quot;>\n\t\t\t\tCH\u1ee8NG \u0110\u1ea0O CA\t\t\t<\/a>\n\t\t<\/h3>\n\t\t\t\t<div class=\"elementor-post__excerpt\">\n\t\t\t<p>CH\u1ee8NG \u0110\u1ea0O CA (THI\u1ec0N S\u01af HUY\u1ec0N GI\u00c1C) \u00a0 I \u2013 NH\u01af LAI V\u00d4 TH\u01af\u1ee2NG THI\u1ec0N Anh th\u1ea5y ch\u0103ng: D\u1ee9t h\u1ecdc, v\u00f4 vi, \u1ea5y \u0111\u1ea1o nh\u00e2n, Kh\u00f4ng tr\u1eeb v\u1ecdng t\u01b0\u1edfng ch\u1eb3ng c\u1ea7u ch\u00e2n? T\u00e1nh th\u1ef1c v\u00f4 minh t\u1ee9c Ph\u1eadt t\u00e1nh, Th\u00e2n kh\u00f4ng \u1ea3o h\u00f3a t\u1ee9c ph\u00e1p th\u00e2n. \u00a0 Ph\u00e1p th\u00e2n gi\u00e1c<\/p>\n\t\t<\/div>\n\t\t\t\t\t<div class=\"elementor-post__read-more-wrapper\">\n\t\t\n\t\t<a class=\"elementor-post__read-more\" href=\"https:\/\/chuongvang.net\/index.php\/2024\/05\/10\/chung-dao-ca\/\" target=\"_blank\">\n\t\t\t\u0110\u1ecdc ti\u1ebfp \u00bb\t\t<\/a>\n\n\t\t\t\t\t<\/div>\n\t\t\t\t<\/div>\n\t\t\t\t<\/article>\n\t\t\t\t<\/div>\n\t\t\n\t\t\t\t<div class=\"e-load-more-anchor\" data-page=\"1\" data-max-page=\"3\" data-next-page=\"https:\/\/chuongvang.net\/index.php\/wp-json\/wp\/v2\/pages\/999\/page\/2\/\"><\/div>\n\t\t\t\t<nav class=\"elementor-pagination\" aria-label=\"Pagination\">\n\t\t\t<span aria-current=\"page\" class=\"page-numbers current\"><span class=\"elementor-screen-only\">Page<\/span>1<\/span>\n<a class=\"page-numbers\" href=\"https:\/\/chuongvang.net\/index.php\/wp-json\/wp\/v2\/pages\/999\/page\/2\/\"><span class=\"elementor-screen-only\">Page<\/span>2<\/a>\n<a class=\"page-numbers\" href=\"https:\/\/chuongvang.net\/index.php\/wp-json\/wp\/v2\/pages\/999\/page\/3\/\"><span class=\"elementor-screen-only\">Page<\/span>3<\/a>\t\t<\/nav>\n\t\t\t\t<\/div>\n\t\t\t\t<\/div>\n\t\t\t\t<div class=\"elementor-element elementor-element-9435a4f elementor-widget elementor-widget-spacer\" data-id=\"9435a4f\" data-element_type=\"widget\" data-widget_type=\"spacer.default\">\n\t\t\t\t<div class=\"elementor-widget-container\">\n\t\t\t<style>\/*! elementor - v3.18.0 - 20-12-2023 *\/\n.elementor-column .elementor-spacer-inner{height:var(--spacer-size)}.e-con{--container-widget-width:100%}.e-con-inner>.elementor-widget-spacer,.e-con>.elementor-widget-spacer{width:var(--container-widget-width,var(--spacer-size));--align-self:var(--container-widget-align-self,initial);--flex-shrink:0}.e-con-inner>.elementor-widget-spacer>.elementor-widget-container,.e-con>.elementor-widget-spacer>.elementor-widget-container{height:100%;width:100%}.e-con-inner>.elementor-widget-spacer>.elementor-widget-container>.elementor-spacer,.e-con>.elementor-widget-spacer>.elementor-widget-container>.elementor-spacer{height:100%}.e-con-inner>.elementor-widget-spacer>.elementor-widget-container>.elementor-spacer>.elementor-spacer-inner,.e-con>.elementor-widget-spacer>.elementor-widget-container>.elementor-spacer>.elementor-spacer-inner{height:var(--container-widget-height,var(--spacer-size))}.e-con-inner>.elementor-widget-spacer.elementor-widget-empty,.e-con>.elementor-widget-spacer.elementor-widget-empty{position:relative;min-height:22px;min-width:22px}.e-con-inner>.elementor-widget-spacer.elementor-widget-empty .elementor-widget-empty-icon,.e-con>.elementor-widget-spacer.elementor-widget-empty .elementor-widget-empty-icon{position:absolute;top:0;bottom:0;left:0;right:0;margin:auto;padding:0;width:22px;height:22px}<\/style>\t\t<div class=\"elementor-spacer\">\n\t\t\t<div class=\"elementor-spacer-inner\"><\/div>\n\t\t<\/div>\n\t\t\t\t<\/div>\n\t\t\t\t<\/div>\n\t\t\t\t\t<\/div>\n\t\t\t\t<\/div>\n\t\t\t\t\t\t\t<\/div>\n\t\t","protected":false},"excerpt":{"rendered":"<p>======= B\u00e0i vi\u1ebft =======<\/p>\n","protected":false},"author":1,"featured_media":0,"parent":0,"menu_order":0,"comment_status":"closed","ping_status":"closed","template":"","meta":{"footnotes":""},"class_list":["post-999","page","type-page","status-publish","hentry"],"_links":{"self":[{"href":"https:\/\/chuongvang.net\/index.php\/wp-json\/wp\/v2\/pages\/999","targetHints":{"allow":["GET"]}}],"collection":[{"href":"https:\/\/chuongvang.net\/index.php\/wp-json\/wp\/v2\/pages"}],"about":[{"href":"https:\/\/chuongvang.net\/index.php\/wp-json\/wp\/v2\/types\/page"}],"author":[{"embeddable":true,"href":"https:\/\/chuongvang.net\/index.php\/wp-json\/wp\/v2\/users\/1"}],"replies":[{"embeddable":true,"href":"https:\/\/chuongvang.net\/index.php\/wp-json\/wp\/v2\/comments?post=999"}],"version-history":[{"count":38,"href":"https:\/\/chuongvang.net\/index.php\/wp-json\/wp\/v2\/pages\/999\/revisions"}],"predecessor-version":[{"id":1536,"href":"https:\/\/chuongvang.net\/index.php\/wp-json\/wp\/v2\/pages\/999\/revisions\/1536"}],"wp:attachment":[{"href":"https:\/\/chuongvang.net\/index.php\/wp-json\/wp\/v2\/media?parent=999"}],"curies":[{"name":"wp","href":"https:\/\/api.w.org\/{rel}","templated":true}]}}