{"id":1023,"date":"2024-01-19T16:40:29","date_gmt":"2024-01-19T16:40:29","guid":{"rendered":"https:\/\/chuongvang.net\/?page_id=1023"},"modified":"2024-01-28T22:46:22","modified_gmt":"2024-01-28T15:46:22","slug":"dich-can-kinh","status":"publish","type":"page","link":"https:\/\/chuongvang.net\/index.php\/dich-can-kinh\/","title":{"rendered":"D\u1ecbch C\u00e2n Kinh"},"content":{"rendered":"\t\t<div data-elementor-type=\"wp-page\" data-elementor-id=\"1023\" class=\"elementor elementor-1023\">\n\t\t\t\t\t\t\t<div class=\"elementor-element elementor-element-7b51751 e-con-full e-flex e-con e-parent\" data-id=\"7b51751\" data-element_type=\"container\" data-settings=\"{&quot;content_width&quot;:&quot;full&quot;,&quot;shape_divider_top&quot;:&quot;mountains&quot;,&quot;shape_divider_bottom&quot;:&quot;mountains&quot;}\" data-core-v316-plus=\"true\">\n\t\t\t\t<div class=\"elementor-shape elementor-shape-top\" data-negative=\"false\">\n\t\t\t<svg xmlns=\"http:\/\/www.w3.org\/2000\/svg\" viewBox=\"0 0 1000 100\" preserveAspectRatio=\"none\">\n\t<path class=\"elementor-shape-fill\" opacity=\"0.33\" d=\"M473,67.3c-203.9,88.3-263.1-34-320.3,0C66,119.1,0,59.7,0,59.7V0h1000v59.7 c0,0-62.1,26.1-94.9,29.3c-32.8,3.3-62.8-12.3-75.8-22.1C806,49.6,745.3,8.7,694.9,4.7S492.4,59,473,67.3z\"\/>\n\t<path class=\"elementor-shape-fill\" opacity=\"0.66\" d=\"M734,67.3c-45.5,0-77.2-23.2-129.1-39.1c-28.6-8.7-150.3-10.1-254,39.1 s-91.7-34.4-149.2,0C115.7,118.3,0,39.8,0,39.8V0h1000v36.5c0,0-28.2-18.5-92.1-18.5C810.2,18.1,775.7,67.3,734,67.3z\"\/>\n\t<path class=\"elementor-shape-fill\" d=\"M766.1,28.9c-200-57.5-266,65.5-395.1,19.5C242,1.8,242,5.4,184.8,20.6C128,35.8,132.3,44.9,89.9,52.5C28.6,63.7,0,0,0,0 h1000c0,0-9.9,40.9-83.6,48.1S829.6,47,766.1,28.9z\"\/>\n<\/svg>\t\t<\/div>\n\t\t\t\t<div class=\"elementor-shape elementor-shape-bottom\" data-negative=\"false\">\n\t\t\t<svg xmlns=\"http:\/\/www.w3.org\/2000\/svg\" viewBox=\"0 0 1000 100\" preserveAspectRatio=\"none\">\n\t<path class=\"elementor-shape-fill\" opacity=\"0.33\" d=\"M473,67.3c-203.9,88.3-263.1-34-320.3,0C66,119.1,0,59.7,0,59.7V0h1000v59.7 c0,0-62.1,26.1-94.9,29.3c-32.8,3.3-62.8-12.3-75.8-22.1C806,49.6,745.3,8.7,694.9,4.7S492.4,59,473,67.3z\"\/>\n\t<path class=\"elementor-shape-fill\" opacity=\"0.66\" d=\"M734,67.3c-45.5,0-77.2-23.2-129.1-39.1c-28.6-8.7-150.3-10.1-254,39.1 s-91.7-34.4-149.2,0C115.7,118.3,0,39.8,0,39.8V0h1000v36.5c0,0-28.2-18.5-92.1-18.5C810.2,18.1,775.7,67.3,734,67.3z\"\/>\n\t<path class=\"elementor-shape-fill\" d=\"M766.1,28.9c-200-57.5-266,65.5-395.1,19.5C242,1.8,242,5.4,184.8,20.6C128,35.8,132.3,44.9,89.9,52.5C28.6,63.7,0,0,0,0 h1000c0,0-9.9,40.9-83.6,48.1S829.6,47,766.1,28.9z\"\/>\n<\/svg>\t\t<\/div>\n\t\t\t\t<div class=\"elementor-element elementor-element-6615732 elementor-grid-2 elementor-posts--align-left elementor-grid-tablet-2 elementor-grid-mobile-1 elementor-posts--thumbnail-top elementor-widget elementor-widget-posts\" data-id=\"6615732\" data-element_type=\"widget\" data-settings=\"{&quot;classic_columns&quot;:&quot;2&quot;,&quot;classic_columns_tablet&quot;:&quot;2&quot;,&quot;classic_columns_mobile&quot;:&quot;1&quot;,&quot;classic_row_gap&quot;:{&quot;unit&quot;:&quot;px&quot;,&quot;size&quot;:35,&quot;sizes&quot;:[]},&quot;classic_row_gap_tablet&quot;:{&quot;unit&quot;:&quot;px&quot;,&quot;size&quot;:&quot;&quot;,&quot;sizes&quot;:[]},&quot;classic_row_gap_mobile&quot;:{&quot;unit&quot;:&quot;px&quot;,&quot;size&quot;:&quot;&quot;,&quot;sizes&quot;:[]}}\" data-widget_type=\"posts.classic\">\n\t\t\t\t<div class=\"elementor-widget-container\">\n\t\t\t<link rel=\"stylesheet\" href=\"https:\/\/chuongvang.net\/wp-content\/plugins\/elementor-pro\/assets\/css\/widget-posts.min.css\">\t\t<div class=\"elementor-posts-container elementor-posts elementor-posts--skin-classic elementor-grid\">\n\t\t\t\t<article class=\"elementor-post elementor-grid-item post-1120 post type-post status-publish format-standard has-post-thumbnail hentry category-blog category-dich-can-kinh-lay-xam\">\n\t\t\t\t<a class=\"elementor-post__thumbnail__link\" href=\"https:\/\/chuongvang.net\/index.php\/2024\/01\/23\/lay-sam-hoi\/\" >\n\t\t\t<div class=\"elementor-post__thumbnail\"><img decoding=\"async\" width=\"150\" height=\"84\" src=\"https:\/\/chuongvang.net\/wp-content\/uploads\/2024\/01\/sen-3.jpg\" class=\"attachment-thumbnail size-thumbnail wp-image-1309\" alt=\"\" \/><\/div>\n\t\t<\/a>\n\t\t\t\t<div class=\"elementor-post__text\">\n\t\t\t\t<h3 class=\"elementor-post__title\">\n\t\t\t<a href=\"https:\/\/chuongvang.net\/index.php\/2024\/01\/23\/lay-sam-hoi\/\" >\n\t\t\t\tL\u1ea0Y S\u00c1M H\u1ed0I\t\t\t<\/a>\n\t\t<\/h3>\n\t\t\t\t<div class=\"elementor-post__excerpt\">\n\t\t\t<p>V\u00e0o th\u1ebf k\u1ef7 th\u1ee9 5, Ph\u1eadt T\u00ea-ra-sa-ra qua T\u00e2y T\u1ea1ng nh\u1eadn ph\u00e1p tu t\u1eeb Ph\u1eadt Li\u00ean Hoa Sanh. Sau khi tr\u1edf v\u1ec1 qu\u00ea h\u01b0\u01a1ng, Ng\u00e0i nh\u1eadn th\u1ea5y tr\u00ecnh \u0111\u1ed9 c\u1ee7a d\u00e2n ch\u00fang c\u00f2n qu\u00e1 th\u1ea5p, nghi\u1ec7p ch\u01b0\u1edbng th\u00ec qu\u00e1 nhi\u1ec1u n\u00ean Ng\u00e0i sinh ra ph\u00e1p L\u1ea1y s\u00e1m d\u1ef1a theo nguy\u00ean l\u00fd v\u1eadn chuy\u1ec3n n\u0103ng l\u01b0\u1ee3ng trong c\u01a1 th\u1ec3. V\u1ec1 nghi\u1ec7p th\u00ec con ng\u01b0\u1eddi c\u00f3 nghi\u1ec7p qu\u00e1 kh\u1ee9 v\u00e0 nghi\u1ec7p hi\u1ec7n t\u1ea1i (\u0111\u1ecbnh nghi\u1ec7p). Khi con ng\u01b0\u1eddi \u0111\u1ea7u thai v\u00e0o \u0111\u1ec3 x\u00e2y d\u1ef1ng n\u00ean th\u00e2n th\u1ec3 n\u00e0y t\u00f9y theo nghi\u1ec7p thi\u1ec7n \u00e1c trong qu\u00e1 kh\u1ee9 m\u00e0 x\u00e2y d\u1ef1ng nh\u1eefng l\u1ed7 n\u0103ng l\u01b0\u1ee3ng \u1edf l\u1ee5c ph\u1ee7 ng\u0169 t\u1ea1ng kh\u00e1c nhau. V\u00ed d\u1ee5 nghi\u1ec7p trong qu\u00e1 kh\u1ee9 t\u1ed9i l\u1ed7i thu\u1ed9c v\u1ec1 tim hay gan n\u00ean khi v\u00f4 x\u00e2y d\u1ef1ng l\u1ed7 n\u0103ng l\u01b0\u1ee3ng c\u1ee7a tim gan nh\u1ecf n\u00ean kh\u00f4ng \u0111\u1ee7 n\u0103ng l\u01b0\u1ee3ng chuy\u1ec3n h\u00f3a sinh \u0111au tim \u0111au gan. Ph\u1eadt T\u00ea-ra-sa-ra mang h\u00ecnh h\u00e0i ng\u01b0\u1eddi n\u1eef, v\u00ec t\u00ecnh th\u01b0\u01a1ng \u0111\u1ed1i v\u1edbi ch\u00fang sanh mu\u1ed1n ch\u00fang sanh chuy\u1ec3n \u0111\u1ed5i nghi\u1ec7p l\u1ef1c b\u1eb1ng c\u00e1ch t\u1ea1o d\u00f2ng \u00e1p su\u1ea5t \u0111\u1ec3 di chuy\u1ec3n t\u1ea1o c\u00f4ng su\u1ea5t trong n\u0103ng l\u01b0\u1ee3ng \u1edf trong c\u01a1 \u0111\u1ecba n\u00e0y. T\u1eeb \u0111\u00f3 c\u01a1 th\u1ec3 gi\u00fap kh\u1ecfe m\u1ea1nh, \u00edt \u0111au b\u1ec7nh. L\u1ea1y s\u00e1m d\u1ef1a theo nguy\u00ean l\u00fd h\u00fat n\u0103ng l\u01b0\u1ee3ng b\u00ean ngo\u00e0i (n\u0103ng l\u01b0\u1ee3ng v\u0169 tr\u1ee5) v\u00f4. Mu\u1ed1n h\u00fat \u0111\u01b0\u1ee3c n\u0103ng l\u01b0\u1ee3ng ph\u1ea3i c\u00f3 m\u1ed9t s\u1ef1 ch\u00eanh l\u1ec7ch \u00e1p su\u1ea5t b\u00ean trong c\u01a1 th\u1ec3 th\u00ec m\u1edbi h\u00fat \u0111\u01b0\u1ee3c n\u0103ng l\u01b0\u1ee3ng. Con ng\u01b0\u1eddi nh\u1eadn n\u0103ng l\u01b0\u1ee3ng v\u0169 tr\u1ee5 t\u1eeb \u0111\u1ec9nh \u0111\u1ea7u. C\u00e1c lo\u00e0i s\u00fac sanh nh\u1eadn n\u0103ng l\u01b0\u1ee3ng t\u1eeb c\u00e1c \u0111\u1ed1t s\u1ed1ng n\u1eb1m ngang tr\u00ean l\u01b0ng. Nh\u01b0ng con ng\u01b0\u1eddi ng\u00e0y nay do tham \u0111\u1eafm, nhi\u1ec5m \u00f4 n\u1eb7ng n\u1ec1 n\u00ean kh\u00f4ng \u0111\u1ee7 n\u0103ng l\u01b0\u1ee3ng cho s\u1ef1 sinh h\u00f3a n\u00ean ph\u1ea3i k\u1ebft h\u1ee3p nh\u1eadn n\u0103ng l\u01b0\u1ee3ng b\u00ean ngo\u00e0i qua c\u00e1c \u0111\u1ed1t s\u1ed1ng.V\u1ec1 nguy\u00ean t\u1eafc c\u0169ng ph\u1ea3i \u0111\u00f3ng huy\u1ec7t \u0111\u1ec3 t\u1ea1o m\u1ed9t s\u1ef1 ch\u00eanh l\u1ec7ch \u00e1p su\u1ea5t nh\u1eb1m h\u00fat n\u0103ng l\u01b0\u1ee3ng t\u1eeb tr\u00ean \u0111\u1ec9nh \u0111\u1ea7u v\u00ec \u0111\u00f3 l\u00e0 c\u00e1i nguy\u00ean b\u1ea3n l\u00e0 n\u0103ng l\u01b0\u1ee3ng ch\u00ednh trong s\u1ef1 s\u1ed1ng. Ch\u00ednh khi c\u00f3 s\u1ef1 ch\u00eanh l\u1ec7ch \u00e1p su\u1ea5t bu\u1ed9c ph\u1ea3i h\u00edt th\u1eadt s\u00e2u n\u00ean khi du\u1ed7i th\u1eb3ng c\u1ed9t s\u1ed1ng s\u1ebd c\u00f3 nhi\u1ec1u \u0111i\u1ec3m nhi\u1ec1u c\u01a1 quan c\u00f9ng ch\u00eanh l\u1ec7ch \u00e1p su\u1ea5t s\u1ebd h\u00fat n\u0103ng l\u01b0\u1ee3ng r\u1ea5t m\u1ea1nh. V\u00ec th\u1ebf s\u1ebd t\u1ea1o ra m\u1ed9t d\u00f2ng sinh kh\u00ed m\u1ea1nh m\u1ebd \u0111\u1ed3ng th\u1eddi t\u1ea1o n\u0103ng l\u01b0\u1ee3ng \u00e1p su\u1ea5t xo\u00e1y m\u1ea1nh v\u00e0o m\u1edf r\u1ed9ng nh\u1eefng l\u1ed7 huy\u1ec7t c\u1ee7a t\u1ea1ng ph\u1ee7 l\u00e0m cho t\u1ea1ng ph\u1ee7 nh\u1eadn \u0111\u1ee7 n\u0103ng l\u01b0\u1ee3ng gi\u00fap ho\u1ea1t \u0111\u1ed9ng t\u1ed1t h\u01a1n, c\u01a1 th\u1ec3 kh\u1ecfe m\u1ea1nh h\u01a1n. Ch\u00ednh v\u00ec th\u1ebf, L\u1ea1y s\u00e1m gi\u00fap ti\u00eau tr\u1eeb nghi\u1ec7p ch\u01b0\u1edbng r\u1ea5t nhanh nh\u1ea5t l\u00e0 nh\u1eefng nghi\u1ec7p ch\u01b0\u1edbng c\u1ee7a th\u1ebf gi\u1edbi b\u00ean ngo\u00e0i l\u00e0m ta phi\u1ec1n n\u00e3o, nghi\u1ec7p l\u00e0m con ng\u01b0\u1eddi sinh \u0111au b\u1ec7nh hay c\u01a1 th\u1ec3 thi\u1ebfu n\u0103ng l\u01b0\u1ee3ng sinh \u0111au \u0111\u1ea7u ch\u00f3ng m\u1eb7t. L\u1ea1y s\u00e1m t\u1ea1o m\u1ed9t s\u1ef1 thay \u0111\u1ed5i t\u1eeb th\u00e2n t\u00e2m nh\u01b0 c\u01a1 th\u1ec3 kh\u1ecfe m\u1ea1nh, \u0111\u1ea7u \u00f3c l\u00fac n\u00e0o c\u0169ng t\u1ec9nh t\u00e1o m\u00e0 \u0111\u1ea7u \u00f3c t\u1ec9nh t\u00e1o th\u00ec th\u00f4ng minh s\u00e1ng su\u1ed1t s\u1ebd th\u1ea5y m\u1ecdi s\u1ef1 r\u00f5 r\u00e0ng n\u00ean l\u00e0m vi\u1ec7c ch\u00ednh x\u00e1c.<\/p>\n\t\t<\/div>\n\t\t\n\t\t<a class=\"elementor-post__read-more\" href=\"https:\/\/chuongvang.net\/index.php\/2024\/01\/23\/lay-sam-hoi\/\" >\n\t\t\t\u0110\u1ecdc ti\u1ebfp \u00bb\t\t<\/a>\n\n\t\t\t\t<\/div>\n\t\t\t\t<\/article>\n\t\t\t\t<article class=\"elementor-post elementor-grid-item post-1055 post type-post status-publish format-standard has-post-thumbnail hentry category-blog category-dich-can-kinh-lay-xam\">\n\t\t\t\t<a class=\"elementor-post__thumbnail__link\" href=\"https:\/\/chuongvang.net\/index.php\/2024\/01\/21\/bai-viet-mau\/\" >\n\t\t\t<div class=\"elementor-post__thumbnail\"><img decoding=\"async\" width=\"150\" height=\"100\" src=\"https:\/\/chuongvang.net\/wp-content\/uploads\/2024\/01\/DEN.jpg\" class=\"attachment-thumbnail size-thumbnail wp-image-915\" alt=\"\" \/><\/div>\n\t\t<\/a>\n\t\t\t\t<div class=\"elementor-post__text\">\n\t\t\t\t<h3 class=\"elementor-post__title\">\n\t\t\t<a href=\"https:\/\/chuongvang.net\/index.php\/2024\/01\/21\/bai-viet-mau\/\" >\n\t\t\t\tD\u1ecaCH C\u00c2N KINH\t\t\t<\/a>\n\t\t<\/h3>\n\t\t\t\t<div class=\"elementor-post__excerpt\">\n\t\t\t<p>Nguy\u00ean l\u00fd c\u1ee7a D\u1ecbch C\u00e2n Kinh l\u00e0 n\u1ea1p kh\u00ed l\u1ea5y kh\u00ed l\u00e0m ch\u1ee7, khi \u00e1p su\u1ea5t m\u1ea1nh l\u00ean s\u1ebd \u0111\u1ea9y kh\u00ed \u0111i kh\u1eafp c\u00e1c m\u1ea1ch m\u00e1u (m\u1ea1ch m\u00e1u s\u1ebd kh\u00f4ng b\u1ecb \u0111\u00f3ng v\u00e1ng g\u00e2y t\u00ecnh tr\u1ea1ng t\u1eafc ngh\u1ebdn) gi\u00fap cho s\u1ef1 v\u1eadn chuy\u1ec3n \u0111\u01b0\u1ee3c nh\u1ecbp nh\u00e0ng, khi t\u0103ng \u00e1p su\u1ea5t kh\u00ed trong m\u1ea1ch m\u00e1u s\u1ebd l\u00e0m s\u1ef1 v\u1eadn h\u00e0nh trong c\u01a1 th\u1ec3 \u0111\u01b0\u1ee3c l\u01b0u th\u00f4ng. Khi t\u1eadp c\u1ea7n ph\u1ea3i d\u1ef1a tr\u00ean nguy\u00ean l\u00fd h\u00edt th\u1eadt s\u00e2u cho hai l\u00e1 ph\u1ed5i n\u1edf ra \u0111\u1ed3ng th\u1eddi ph\u1ea3i b\u1ebf huy\u1ec7t \u0111\u1ec3 h\u00fat kh\u00ed c\u1ee7a tr\u1eddi \u0111\u1ea5t v\u00e0 v\u1eadn chuy\u1ec3n n\u0103ng l\u01b0\u1ee3ng \u0111\u00f3 v\u1ec1 l\u1ee5c ph\u1ee7 ng\u0169 t\u1ea1ng, n\u1ebfu kh\u00f4ng b\u1ebf huy\u1ec7t kh\u00ed s\u1ebd tu\u1ed9t ra ngo\u00e0i kh\u00f4ng c\u00f3 t\u00e1c d\u1ee5ng. D\u1ecbch C\u00e2n Kinh th\u01b0\u1eddng \u0111\u01b0\u1ee3c bi\u1ebft \u0111\u1ebfn t\u1eeb th\u1eddi T\u1ed5 B\u1ed3 \u0110\u1ec1 \u0110\u1ea1t Ma nh\u01b0ng tr\u01b0\u1edbc \u0111\u00f3 c\u0169ng \u0111\u1ec1u c\u00f3 D\u1ecbch C\u00e2n Kinh. B\u1ea5t k\u00ec ai n\u1ebfu tu h\u00e0nh \u0111\u1ea1t \u0111\u1ebfn \u0111\u1eb3ng c\u1ea5p nh\u01b0 v\u1eady c\u0169ng s\u1ebd th\u1ea5y \u0111\u01b0\u1ee3c s\u1ef1 v\u1eadn h\u00e0nh trong c\u01a1 th\u1ec3 v\u00e0 c\u0169ng \u0111\u1ec1u ch\u1ec9 ra \u0111\u01b0\u1ee3c ph\u01b0\u01a1ng ph\u00e1p D\u1ecbch C\u00e2n Kinh nh\u01b0 v\u1eady. T\u1eadp D\u1ecbch C\u00e2n Kinh nh\u1eb1m \u0111i\u1ec1u ch\u1ec9nh l\u1ea1i l\u1ee5c ph\u1ee7 ng\u0169 t\u1ea1ng \u0111i\u1ec1u ch\u1ec9nh l\u1ea1i \u00e1p su\u1ea5t trong c\u01a1 th\u1ec3. Khi c\u01a1 th\u1ec3 kh\u1ecfe m\u1ea1nh th\u00ec \u0111\u1ea7u \u00f3c ta s\u00e1ng su\u1ed1t t\u1ec9nh t\u00e1o n\u00ean l\u00e0m g\u00ec c\u0169ng ch\u00ednh x\u00e1c m\u00e0 \u0111i\u1ec1u quan tr\u1ecdng nh\u1ea5t l\u00e0 ta lu\u00f4n kh\u1ecfe m\u1ea1nh \u0111\u1ec3 tu h\u00e0nh. Con ng\u01b0\u1eddi c\u00f3 hai ch\u1ea5t li\u1ec7u \u0111\u1ec3 ho\u1ea1t \u0111\u1ed9ng \u0111\u00f3 l\u00e0 n\u0103ng l\u01b0\u1ee3ng v\u1eadt ch\u1ea5t v\u00e0 n\u0103ng l\u01b0\u1ee3ng \u00a0v\u0169 tr\u1ee5.\u00a0Ph\u1ea3i chuy\u1ec3n h\u00f3a \u0111\u01b0\u1ee3c t\u1eeb n\u0103ng l\u01b0\u1ee3ng v\u1eadt ch\u1ea5t qua n\u0103ng l\u01b0\u1ee3ng v\u0169 tr\u1ee5 v\u00e0 n\u0103ng l\u01b0\u1ee3ng v\u0169 tr\u1ee5 sang n\u0103ng l\u01b0\u1ee3ng v\u1eadt ch\u1ea5t. V\u00ed d\u1ee5 nh\u01b0 sau m\u1ed9t \u0111\u00eam ng\u1ee7 ta th\u1ea5y ng\u01b0\u1eddi kh\u1ecfe h\u01a1n l\u00e0 do c\u01a1 th\u1ec3 \u0111\u00e3 nh\u1eadn \u0111\u01b0\u1ee3c m\u1ed9t \u00edt n\u0103ng l\u01b0\u1ee3ng c\u1ee7a v\u0169 tr\u1ee5 nh\u01b0ng \u1edf d\u1ea1ng v\u00f4 th\u1ee9c. Nh\u01b0 khi th\u1ee9c \u0103n v\u00e0o c\u01a1 th\u1ec3 qua qu\u00e1 tr\u00ecnh trao \u0111\u1ed5i ch\u1ea5t s\u1ebd chuy\u1ec3n h\u00f3a th\u00e0nh n\u0103ng l\u01b0\u1ee3ng ph\u1ee5c v\u1ee5 cho m\u1ecdi ho\u1ea1t \u0111\u1ed9ng c\u1ee7a con ng\u01b0\u1eddi. Ta c\u0169ng nh\u01b0 m\u1ed9t c\u00e1i \u0111\u00e8n d\u1ea7u, \u0111\u00e8n c\u1ea7n d\u1ea7u (v\u1eadt ch\u1ea5t) nh\u01b0ng \u0111\u1ec3 ch\u00e1y s\u00e1ng c\u1ea7n c\u00f3 kh\u00f4ng kh\u00ed (v\u0169 tr\u1ee5), tim \u0111\u00e8n l\u00e0 d\u00e2y d\u1eabn \u0111\u1ec3 chuy\u1ec3n h\u00f3a t\u1eeb d\u1ea7u th\u00e0nh ng\u1ecdn \u0111\u00e8n. Con ng\u01b0\u1eddi m\u1ea5t n\u0103ng l\u01b0\u1ee3ng l\u00e0 do ho\u1ea1t \u0111\u1ed9ng qu\u00e1 nhi\u1ec1u, suy ngh\u0129, t\u1ee9c gi\u1eadn, bu\u1ed3n phi\u1ec1n qu\u00e1 nhi\u1ec1u. T\u00e2m l\u00fac n\u00e0o c\u0169ng m\u01a1 m\u1ed9ng \u1ea3o t\u01b0\u1edfng,\u00a0c\u00f4ng vi\u1ec7c toan t\u00ednh t\u1ea5t b\u1eadt n\u00ean con ng\u01b0\u1eddi kh\u00f4ng l\u00e0m ch\u1ee7 \u0111\u01b0\u1ee3c h\u01a1i th\u1edf, th\u1edf c\u1ea1n s\u1ebd g\u00e2y \u0111\u00ecnh tr\u1ec7 h\u01a1i th\u1edf l\u00e0m thi\u1ebfu kh\u00ed v\u1eadn h\u00e0nh trong c\u01a1 th\u1ec3 \u1ea3nh h\u01b0\u1edfng \u0111\u1ebfn t\u1ea1ng ph\u1ee7 l\u00e0m c\u01a1 th\u1ec3 u\u1ec3 o\u1ea3i, m\u1ec7t m\u1ecfi, s\u1ef1 th\u1ecd gi\u1ea3m d\u1ea7n. C\u01a1 th\u1ec3 ch\u00fang ta ho\u1ea1t \u0111\u1ed9ng theo nguy\u00ean l\u00fd m\u00e0ng d\u1eadp, th\u1ee9c \u0103n v\u00e0o bao t\u1eed \u0111\u01b0\u1ee3c co b\u00f3p theo ho\u1ea1t \u0111\u1ed9ng c\u1ee7a c\u01a1 ho\u00e0nh. C\u01a1 ho\u00e0nh ch\u00ednh l\u00e0 m\u00e0ng d\u1eadp. C\u00f2n hai l\u00e1 ph\u1ed5i l\u00e0 trung t\u00e2m ch\u1ee9a s\u1ef1 \u0111i\u1ec1u ti\u1ebft c\u1ee7a \u00e1p su\u1ea5t. N\u00ean khi ta h\u00edt th\u1eadt s\u00e2u c\u01a1 ho\u00e0nh s\u1ebd \u00e9p xu\u1ed1ng, khi th\u1edf ra c\u01a1 ho\u00e0nh s\u1ebd \u0111i<\/p>\n\t\t<\/div>\n\t\t\n\t\t<a class=\"elementor-post__read-more\" href=\"https:\/\/chuongvang.net\/index.php\/2024\/01\/21\/bai-viet-mau\/\" >\n\t\t\t\u0110\u1ecdc ti\u1ebfp \u00bb\t\t<\/a>\n\n\t\t\t\t<\/div>\n\t\t\t\t<\/article>\n\t\t\t\t<\/div>\n\t\t\n\t\t\t\t<\/div>\n\t\t\t\t<\/div>\n\t\t\t\t<\/div>\n\t\t\t\t\t\t\t<\/div>\n\t\t","protected":false},"excerpt":{"rendered":"Nguy\u00ean l\u00fd c\u1ee7a D\u1ecbch C\u00e2n Kinh l\u00e0 n\u1ea1p kh\u00ed l\u1ea5y kh\u00ed l\u00e0m ch\u1ee7, khi \u00e1p su\u1ea5t m\u1ea1nh l\u00ean s\u1ebd \u0111\u1ea9y kh\u00ed \u0111i kh\u1eafp c\u00e1c m\u1ea1ch m\u00e1u (m\u1ea1ch m\u00e1u s\u1ebd kh\u00f4ng b\u1ecb \u0111\u00f3ng v\u00e1ng g\u00e2y t\u00ecnh tr\u1ea1ng t\u1eafc ngh\u1ebdn) gi\u00fap cho s\u1ef1 v\u1eadn chuy\u1ec3n \u0111\u01b0\u1ee3c nh\u1ecbp nh\u00e0ng, khi t\u0103ng \u00e1p su\u1ea5t kh\u00ed trong m\u1ea1ch m\u00e1u s\u1ebd [...]","protected":false},"author":1,"featured_media":706,"parent":0,"menu_order":0,"comment_status":"closed","ping_status":"closed","template":"","meta":{"footnotes":""},"class_list":["post-1023","page","type-page","status-publish","has-post-thumbnail","hentry"],"_links":{"self":[{"href":"https:\/\/chuongvang.net\/index.php\/wp-json\/wp\/v2\/pages\/1023","targetHints":{"allow":["GET"]}}],"collection":[{"href":"https:\/\/chuongvang.net\/index.php\/wp-json\/wp\/v2\/pages"}],"about":[{"href":"https:\/\/chuongvang.net\/index.php\/wp-json\/wp\/v2\/types\/page"}],"author":[{"embeddable":true,"href":"https:\/\/chuongvang.net\/index.php\/wp-json\/wp\/v2\/users\/1"}],"replies":[{"embeddable":true,"href":"https:\/\/chuongvang.net\/index.php\/wp-json\/wp\/v2\/comments?post=1023"}],"version-history":[{"count":29,"href":"https:\/\/chuongvang.net\/index.php\/wp-json\/wp\/v2\/pages\/1023\/revisions"}],"predecessor-version":[{"id":1583,"href":"https:\/\/chuongvang.net\/index.php\/wp-json\/wp\/v2\/pages\/1023\/revisions\/1583"}],"wp:featuredmedia":[{"embeddable":true,"href":"https:\/\/chuongvang.net\/index.php\/wp-json\/wp\/v2\/media\/706"}],"wp:attachment":[{"href":"https:\/\/chuongvang.net\/index.php\/wp-json\/wp\/v2\/media?parent=1023"}],"curies":[{"name":"wp","href":"https:\/\/api.w.org\/{rel}","templated":true}]}}